{"id":18,"date":"2024-03-14T06:38:24","date_gmt":"2024-03-14T06:38:24","guid":{"rendered":"https:\/\/tankman.se\/?page_id=18"},"modified":"2024-08-30T07:36:07","modified_gmt":"2024-08-30T07:36:07","slug":"foretaget","status":"publish","type":"page","link":"https:\/\/tankman.se\/index.php\/foretaget\/","title":{"rendered":"F\u00f6retaget"},"content":{"rendered":"\t\t<div data-elementor-type=\"wp-page\" data-elementor-id=\"18\" class=\"elementor elementor-18\" data-elementor-post-type=\"page\">\n\t\t\t\t<div data-particle_enable=\"false\" data-particle-mobile-disabled=\"false\" class=\"elementor-element elementor-element-2d1709d e-flex e-con-boxed e-con e-parent\" data-id=\"2d1709d\" data-element_type=\"container\" data-e-type=\"container\" data-settings=\"{&quot;background_background&quot;:&quot;classic&quot;}\">\n\t\t\t\t\t<div class=\"e-con-inner\">\n\t\t\t\t<div class=\"elementor-element elementor-element-0bdb43d elementor-invisible elementor-widget elementor-widget-heading\" data-id=\"0bdb43d\" data-element_type=\"widget\" data-e-type=\"widget\" data-settings=\"{&quot;_animation&quot;:&quot;fadeInRight&quot;}\" data-widget_type=\"heading.default\">\n\t\t\t\t<div class=\"elementor-widget-container\">\n\t\t\t\t\t<h2 class=\"elementor-heading-title elementor-size-default\">Kontinuitet och F\u00f6rnyelse i Fordonsbranschen<\/h2>\t\t\t\t<\/div>\n\t\t\t\t<\/div>\n\t\t<div data-particle_enable=\"false\" data-particle-mobile-disabled=\"false\" class=\"elementor-element elementor-element-fd99609 e-flex e-con-boxed e-con e-child\" data-id=\"fd99609\" data-element_type=\"container\" data-e-type=\"container\" data-settings=\"{&quot;background_background&quot;:&quot;gradient&quot;}\">\n\t\t\t\t\t<div class=\"e-con-inner\">\n\t\t\t\t<div class=\"elementor-element elementor-element-e56b7f5 elementor-widget__width-initial elementor-widget-tablet__width-initial elementor-widget elementor-widget-text-editor\" data-id=\"e56b7f5\" data-element_type=\"widget\" data-e-type=\"widget\" data-widget_type=\"text-editor.default\">\n\t\t\t\t<div class=\"elementor-widget-container\">\n\t\t\t\t\t\t\t\t\tGrunden till f\u00f6retaget har funnits sedan 1993. D\u00e5 tidigare anst\u00e4llda i &#8221;Motala Tank&#8221; bildade\u00a0Tankman\u00a0i Mj\u00f6lby. Som en f\u00f6ljd av att produktionen i Motala flyttade till Falkenberg.\r\n\r\nFram till \u00e5r 2000 gjordes nya tankar i f\u00f6retaget. Men i dag utf\u00f6r vi mest tank\u00f6verflyttningar och service.\r\n\r\nSedan november 2003 drivs Tankman Fordonsteknik AB av Michael Nyblom, Mikael Hallberg och Bo H\u00e4gerstr\u00f6m, tillsammans med 10 anst\u00e4llda.\r\n\r\nV\u00e5ra lokaler har n\u00e4rhet till b\u00e5de besiktning och lackverkstad. Vilket underl\u00e4ttar samarbetet med lackerare och medf\u00f6r korta transportstr\u00e4ckor.\t\t\t\t\t\t\t\t<\/div>\n\t\t\t\t<\/div>\n\t\t\t\t<div class=\"elementor-element elementor-element-9b41a78 elementor-widget elementor-widget-image\" data-id=\"9b41a78\" data-element_type=\"widget\" data-e-type=\"widget\" data-widget_type=\"image.default\">\n\t\t\t\t<div class=\"elementor-widget-container\">\n\t\t\t\t\t\t\t\t\t\t\t\t\t\t\t<img fetchpriority=\"high\" decoding=\"async\" width=\"764\" height=\"1024\" src=\"https:\/\/tankman.se\/wp-content\/uploads\/2024\/08\/96752844_536876600310337_943545091627155456_n-764x1024.jpg\" class=\"attachment-large size-large wp-image-360\" alt=\"\" srcset=\"https:\/\/tankman.se\/wp-content\/uploads\/2024\/08\/96752844_536876600310337_943545091627155456_n-764x1024.jpg 764w, https:\/\/tankman.se\/wp-content\/uploads\/2024\/08\/96752844_536876600310337_943545091627155456_n-224x300.jpg 224w, https:\/\/tankman.se\/wp-content\/uploads\/2024\/08\/96752844_536876600310337_943545091627155456_n-768x1030.jpg 768w, https:\/\/tankman.se\/wp-content\/uploads\/2024\/08\/96752844_536876600310337_943545091627155456_n-1146x1536.jpg 1146w, https:\/\/tankman.se\/wp-content\/uploads\/2024\/08\/96752844_536876600310337_943545091627155456_n.jpg 1432w\" sizes=\"(max-width: 764px) 100vw, 764px\" \/>\t\t\t\t\t\t\t\t\t\t\t\t\t\t\t<\/div>\n\t\t\t\t<\/div>\n\t\t\t\t\t<\/div>\n\t\t\t\t<\/div>\n\t\t\t\t\t<\/div>\n\t\t\t\t<\/div>\n\t\t\t\t<\/div>\n\t\t","protected":false},"excerpt":{"rendered":"","protected":false},"author":1,"featured_media":0,"parent":0,"menu_order":0,"comment_status":"closed","ping_status":"closed","template":"","meta":{"_acf_changed":false,"site-sidebar-layout":"no-sidebar","site-content-layout":"","ast-site-content-layout":"full-width-container","site-content-style":"default","site-sidebar-style":"default","ast-global-header-display":"","ast-banner-title-visibility":"","ast-main-header-display":"","ast-hfb-above-header-display":"","ast-hfb-below-header-display":"","ast-hfb-mobile-header-display":"","site-post-title":"disabled","ast-breadcrumbs-content":"","ast-featured-img":"disabled","footer-sml-layout":"","ast-disable-related-posts":"","theme-transparent-header-meta":"default","adv-header-id-meta":"","stick-header-meta":"","header-above-stick-meta":"","header-main-stick-meta":"","header-below-stick-meta":"","astra-migrate-meta-layouts":"set","ast-page-background-enabled":"default","ast-page-background-meta":{"desktop":{"background-color":"var(--ast-global-color-4)","background-image":"","background-repeat":"repeat","background-position":"center center","background-size":"auto","background-attachment":"scroll","background-type":"","background-media":"","overlay-type":"","overlay-color":"","overlay-opacity":"","overlay-gradient":""},"tablet":{"background-color":"","background-image":"","background-repeat":"repeat","background-position":"center center","background-size":"auto","background-attachment":"scroll","background-type":"","background-media":"","overlay-type":"","overlay-color":"","overlay-opacity":"","overlay-gradient":""},"mobile":{"background-color":"","background-image":"","background-repeat":"repeat","background-position":"center center","background-size":"auto","background-attachment":"scroll","background-type":"","background-media":"","overlay-type":"","overlay-color":"","overlay-opacity":"","overlay-gradient":""}},"ast-content-background-meta":{"desktop":{"background-color":"var(--ast-global-color-5)","background-image":"","background-repeat":"repeat","background-position":"center center","background-size":"auto","background-attachment":"scroll","background-type":"","background-media":"","overlay-type":"","overlay-color":"","overlay-opacity":"","overlay-gradient":""},"tablet":{"background-color":"var(--ast-global-color-5)","background-image":"","background-repeat":"repeat","background-position":"center center","background-size":"auto","background-attachment":"scroll","background-type":"","background-media":"","overlay-type":"","overlay-color":"","overlay-opacity":"","overlay-gradient":""},"mobile":{"background-color":"var(--ast-global-color-5)","background-image":"","background-repeat":"repeat","background-position":"center center","background-size":"auto","background-attachment":"scroll","background-type":"","background-media":"","overlay-type":"","overlay-color":"","overlay-opacity":"","overlay-gradient":""}},"footnotes":""},"class_list":["post-18","page","type-page","status-publish","hentry"],"acf":[],"yoast_head":"<!-- This site is optimized with the Yoast SEO plugin v27.5 - https:\/\/yoast.com\/product\/yoast-seo-wordpress\/ -->\n<title>F\u00f6retaget - Tankman Fordonsteknik AB - Vi utf&ouml;r tank&ouml;verflyttningar<\/title>\n<meta name=\"robots\" content=\"index, follow, max-snippet:-1, max-image-preview:large, max-video-preview:-1\" \/>\n<link rel=\"canonical\" href=\"https:\/\/tankman.se\/index.php\/foretaget\/\" \/>\n<meta property=\"og:locale\" content=\"sv_SE\" \/>\n<meta property=\"og:type\" content=\"article\" \/>\n<meta property=\"og:title\" content=\"F\u00f6retaget - Tankman Fordonsteknik AB - Vi utf&ouml;r tank&ouml;verflyttningar\" \/>\n<meta property=\"og:url\" content=\"https:\/\/tankman.se\/index.php\/foretaget\/\" \/>\n<meta property=\"og:site_name\" content=\"Tankman Fordonsteknik AB - Vi utf&ouml;r tank&ouml;verflyttningar\" \/>\n<meta property=\"article:modified_time\" content=\"2024-08-30T07:36:07+00:00\" \/>\n<meta name=\"twitter:card\" content=\"summary_large_image\" \/>\n<meta name=\"twitter:label1\" content=\"Ber\u00e4knad l\u00e4stid\" \/>\n\t<meta name=\"twitter:data1\" content=\"1 minut\" \/>\n<script type=\"application\/ld+json\" class=\"yoast-schema-graph\">{\"@context\":\"https:\\\/\\\/schema.org\",\"@graph\":[{\"@type\":\"WebPage\",\"@id\":\"https:\\\/\\\/tankman.se\\\/index.php\\\/foretaget\\\/\",\"url\":\"https:\\\/\\\/tankman.se\\\/index.php\\\/foretaget\\\/\",\"name\":\"F\u00f6retaget - Tankman Fordonsteknik AB - Vi utf&ouml;r tank&ouml;verflyttningar\",\"isPartOf\":{\"@id\":\"https:\\\/\\\/tankman.se\\\/#website\"},\"datePublished\":\"2024-03-14T06:38:24+00:00\",\"dateModified\":\"2024-08-30T07:36:07+00:00\",\"breadcrumb\":{\"@id\":\"https:\\\/\\\/tankman.se\\\/index.php\\\/foretaget\\\/#breadcrumb\"},\"inLanguage\":\"sv-SE\",\"potentialAction\":[{\"@type\":\"ReadAction\",\"target\":[\"https:\\\/\\\/tankman.se\\\/index.php\\\/foretaget\\\/\"]}]},{\"@type\":\"BreadcrumbList\",\"@id\":\"https:\\\/\\\/tankman.se\\\/index.php\\\/foretaget\\\/#breadcrumb\",\"itemListElement\":[{\"@type\":\"ListItem\",\"position\":1,\"name\":\"Hem\",\"item\":\"https:\\\/\\\/tankman.se\\\/\"},{\"@type\":\"ListItem\",\"position\":2,\"name\":\"F\u00f6retaget\"}]},{\"@type\":\"WebSite\",\"@id\":\"https:\\\/\\\/tankman.se\\\/#website\",\"url\":\"https:\\\/\\\/tankman.se\\\/\",\"name\":\"Tankman Fordonsteknik AB - Vi utf&ouml;r tank&ouml;verflyttningar\",\"description\":\"Vi \",\"publisher\":{\"@id\":\"https:\\\/\\\/tankman.se\\\/#organization\"},\"potentialAction\":[{\"@type\":\"SearchAction\",\"target\":{\"@type\":\"EntryPoint\",\"urlTemplate\":\"https:\\\/\\\/tankman.se\\\/?s={search_term_string}\"},\"query-input\":{\"@type\":\"PropertyValueSpecification\",\"valueRequired\":true,\"valueName\":\"search_term_string\"}}],\"inLanguage\":\"sv-SE\"},{\"@type\":\"Organization\",\"@id\":\"https:\\\/\\\/tankman.se\\\/#organization\",\"name\":\"Tankman Fordonsteknik AB - Vi utf&ouml;r tank&ouml;verflyttningar\",\"url\":\"https:\\\/\\\/tankman.se\\\/\",\"logo\":{\"@type\":\"ImageObject\",\"inLanguage\":\"sv-SE\",\"@id\":\"https:\\\/\\\/tankman.se\\\/#\\\/schema\\\/logo\\\/image\\\/\",\"url\":\"https:\\\/\\\/tankman.se\\\/wp-content\\\/uploads\\\/2024\\\/03\\\/TANKMAN-LOGGA-2013_liten.jpg\",\"contentUrl\":\"https:\\\/\\\/tankman.se\\\/wp-content\\\/uploads\\\/2024\\\/03\\\/TANKMAN-LOGGA-2013_liten.jpg\",\"width\":500,\"height\":296,\"caption\":\"Tankman Fordonsteknik AB - Vi utf&ouml;r tank&ouml;verflyttningar\"},\"image\":{\"@id\":\"https:\\\/\\\/tankman.se\\\/#\\\/schema\\\/logo\\\/image\\\/\"}}]}<\/script>\n<!-- \/ Yoast SEO plugin. -->","yoast_head_json":{"title":"F\u00f6retaget - Tankman Fordonsteknik AB - Vi utf&ouml;r tank&ouml;verflyttningar","robots":{"index":"index","follow":"follow","max-snippet":"max-snippet:-1","max-image-preview":"max-image-preview:large","max-video-preview":"max-video-preview:-1"},"canonical":"https:\/\/tankman.se\/index.php\/foretaget\/","og_locale":"sv_SE","og_type":"article","og_title":"F\u00f6retaget - Tankman Fordonsteknik AB - Vi utf&ouml;r tank&ouml;verflyttningar","og_url":"https:\/\/tankman.se\/index.php\/foretaget\/","og_site_name":"Tankman Fordonsteknik AB - Vi utf&ouml;r tank&ouml;verflyttningar","article_modified_time":"2024-08-30T07:36:07+00:00","twitter_card":"summary_large_image","twitter_misc":{"Ber\u00e4knad l\u00e4stid":"1 minut"},"schema":{"@context":"https:\/\/schema.org","@graph":[{"@type":"WebPage","@id":"https:\/\/tankman.se\/index.php\/foretaget\/","url":"https:\/\/tankman.se\/index.php\/foretaget\/","name":"F\u00f6retaget - Tankman Fordonsteknik AB - Vi utf&ouml;r tank&ouml;verflyttningar","isPartOf":{"@id":"https:\/\/tankman.se\/#website"},"datePublished":"2024-03-14T06:38:24+00:00","dateModified":"2024-08-30T07:36:07+00:00","breadcrumb":{"@id":"https:\/\/tankman.se\/index.php\/foretaget\/#breadcrumb"},"inLanguage":"sv-SE","potentialAction":[{"@type":"ReadAction","target":["https:\/\/tankman.se\/index.php\/foretaget\/"]}]},{"@type":"BreadcrumbList","@id":"https:\/\/tankman.se\/index.php\/foretaget\/#breadcrumb","itemListElement":[{"@type":"ListItem","position":1,"name":"Hem","item":"https:\/\/tankman.se\/"},{"@type":"ListItem","position":2,"name":"F\u00f6retaget"}]},{"@type":"WebSite","@id":"https:\/\/tankman.se\/#website","url":"https:\/\/tankman.se\/","name":"Tankman Fordonsteknik AB - Vi utf&ouml;r tank&ouml;verflyttningar","description":"Vi ","publisher":{"@id":"https:\/\/tankman.se\/#organization"},"potentialAction":[{"@type":"SearchAction","target":{"@type":"EntryPoint","urlTemplate":"https:\/\/tankman.se\/?s={search_term_string}"},"query-input":{"@type":"PropertyValueSpecification","valueRequired":true,"valueName":"search_term_string"}}],"inLanguage":"sv-SE"},{"@type":"Organization","@id":"https:\/\/tankman.se\/#organization","name":"Tankman Fordonsteknik AB - Vi utf&ouml;r tank&ouml;verflyttningar","url":"https:\/\/tankman.se\/","logo":{"@type":"ImageObject","inLanguage":"sv-SE","@id":"https:\/\/tankman.se\/#\/schema\/logo\/image\/","url":"https:\/\/tankman.se\/wp-content\/uploads\/2024\/03\/TANKMAN-LOGGA-2013_liten.jpg","contentUrl":"https:\/\/tankman.se\/wp-content\/uploads\/2024\/03\/TANKMAN-LOGGA-2013_liten.jpg","width":500,"height":296,"caption":"Tankman Fordonsteknik AB - Vi utf&ouml;r tank&ouml;verflyttningar"},"image":{"@id":"https:\/\/tankman.se\/#\/schema\/logo\/image\/"}}]}},"_links":{"self":[{"href":"https:\/\/tankman.se\/index.php\/wp-json\/wp\/v2\/pages\/18","targetHints":{"allow":["GET"]}}],"collection":[{"href":"https:\/\/tankman.se\/index.php\/wp-json\/wp\/v2\/pages"}],"about":[{"href":"https:\/\/tankman.se\/index.php\/wp-json\/wp\/v2\/types\/page"}],"author":[{"embeddable":true,"href":"https:\/\/tankman.se\/index.php\/wp-json\/wp\/v2\/users\/1"}],"replies":[{"embeddable":true,"href":"https:\/\/tankman.se\/index.php\/wp-json\/wp\/v2\/comments?post=18"}],"version-history":[{"count":42,"href":"https:\/\/tankman.se\/index.php\/wp-json\/wp\/v2\/pages\/18\/revisions"}],"predecessor-version":[{"id":368,"href":"https:\/\/tankman.se\/index.php\/wp-json\/wp\/v2\/pages\/18\/revisions\/368"}],"wp:attachment":[{"href":"https:\/\/tankman.se\/index.php\/wp-json\/wp\/v2\/media?parent=18"}],"curies":[{"name":"wp","href":"https:\/\/api.w.org\/{rel}","templated":true}]}}